{"id":14153,"date":"2018-12-09T16:54:56","date_gmt":"2018-12-09T15:54:56","guid":{"rendered":"http:\/\/brittas-kochbuch.info\/?page_id=14153"},"modified":"2018-12-16T13:33:51","modified_gmt":"2018-12-16T12:33:51","slug":"ueber-mich","status":"publish","type":"page","link":"https:\/\/brittas-kochbuch.info\/?page_id=14153","title":{"rendered":"\u00dcber mich"},"content":{"rendered":"<p><a href=\"https:\/\/brittas-kochbuch.info\/wp-content\/uploads\/2018\/06\/20180523_f\u00fcnfamf\u00fcnften.jpg\"><img loading=\"lazy\" decoding=\"async\" class=\"alignleft size-medium wp-image-11920\" src=\"https:\/\/brittas-kochbuch.info\/wp-content\/uploads\/2018\/06\/20180523_f\u00fcnfamf\u00fcnften-225x300.jpg\" alt=\"\" width=\"225\" height=\"300\" srcset=\"https:\/\/brittas-kochbuch.info\/wp-content\/uploads\/2018\/06\/20180523_f\u00fcnfamf\u00fcnften-225x300.jpg 225w, https:\/\/brittas-kochbuch.info\/wp-content\/uploads\/2018\/06\/20180523_f\u00fcnfamf\u00fcnften-768x1024.jpg 768w, https:\/\/brittas-kochbuch.info\/wp-content\/uploads\/2018\/06\/20180523_f\u00fcnfamf\u00fcnften-624x832.jpg 624w\" sizes=\"(max-width: 225px) 100vw, 225px\" \/><\/a>Hallo, mein Name ist Britta und mein Nachname Programm. Ich liebe es zu kochen und zu genie\u00dfen.<\/p>\n<p>Mein Blog besteht jetzt sei September 2013 und beinhaltet eine umfangreiche Sammlung an Rezepten: \u00fcberlieferte Familienrezepte, nachgekochte und meistens abgewandelte Rezepte aus dem Internet, aus Kochb\u00fcchern und -zeitschriften. Einen gro\u00dfen Teil nehmen auch vegetarische und vegane Rezepte ein. Was bei mir allerdings etwas stiefm\u00fctterlich behandelt wird, sind Desserts und aufwendige Torten. Daf\u00fcr backe ich seit einigen Jahren unser Brot selber und experimentiere da gerne auch rum. Leider gibt es da auch schon mal den einen oder anderen Fehlschlag, den ich in der Kategorie <a href=\"https:\/\/brittas-kochbuch.info\/?cat=65\">&#8222;Irrungen und Wirrungen&#8220;<\/a> aber mit Euch teile. Manchmal f\u00fchrt dann ein weiterer Versuch zum Erfolg.<\/p>\n<p>Ich selber nenne mich auch heimlich &#8222;The Queen of Resteverwertung&#8220;, da ich ungerne Lebensmittel wegwerfe, auch wenn sie ihre besten Tage hinter sich haben. Gro\u00dfes Augenmerk lege ich auf Bio- und\/oder regionale Ware, kaufe kein Fleisch oder Gefl\u00fcgeln zu Dumpingpreisen, weshalb es nur ein-, allerh\u00f6chstens zweimal pro Woche Fleisch\/Fisch gibt.<\/p>\n<p>Ich bin der Meinung, dass ich mich von September 2013 bis heute ganz sch\u00f6n weiterentwickelt habe, was die Pr\u00e4sentation der Rezepte und die Verwendung der Zutaten angeht. Damals gab&#8217;s noch recht viele Fertiggerichte, heute versuche ich, m\u00f6glichst alles selber zu machen. Seit Mitte\/Ende 2016 habe ich auch das Einkochen f\u00fcr mich entdeckt und habe inzwischen ein gut gef\u00fclltes Vorratsregal unter der Kellertreppe.<\/p>\n<p>Anfang 2013 habe ich das Haus meiner Kindheit geerbt, in dem der G\u00f6Ga und ich seit Ende 2014 leben. Zu diesem Haus geh\u00f6rt ein gro\u00dfer, aber sehr vernachl\u00e4ssigt gewesener Garten, den wir mit viel M\u00fche, Kraft und auch Geld so langsam aber sicher aus seinem Dornr\u00f6schenschlaf holen. Im Mai 2016 baute mir der G\u00f6Ga das erste Hochbeet, 2017 kamen zwei kleinere an der Garagenwand dazu und 2018 wurde eine weitere bisher brach liegende Ecke mit zwei weiteren Hochbeeten und einem &#8222;normalen&#8220; Beet best\u00fcckt, so dass ich im Sommer frisches Gem\u00fcse, Kr\u00e4uter, Erdbeeren und sp\u00e4ter auch Weintrauben und -bl\u00e4tter f\u00fcr selbst gemachtes Dolmes sowie \u00c4pfel ernten kann. Im Herbst wurde noch ein gro\u00dfes Foliengew\u00e4chshaus angeschafft, damit ich schon zeitig im n\u00e4chsten Fr\u00fchjahr, Tomaten, Chilis, Paprika usw. vorziehen kann.<\/p>\n<p>Ein weiteres Hobby von mir ist das T\u00f6pfern. Momentan d\u00fcmpeln die Fotos meiner Werke im Ordner Selbst machen, das aber ein wahres Sammelsurium ist, rum. Ich glaube, das ganze werde ich nach und nach umstrukturieren.<\/p>\n<p>\u00dcberhaupt gef\u00e4llt mir die Ordnerstruktur nicht mehr, vielleicht arbeite ich da auch noch nach.<\/p>\n<p>Bis dahin w\u00fcnsche ich Euch viel Spa\u00df beim St\u00f6bern und \u00fcber das ein oder andere Feedback w\u00fcrde ich mich freuen.<\/p>\n","protected":false},"excerpt":{"rendered":"<p>Hallo, mein Name ist Britta und mein Nachname Programm. Ich liebe es zu kochen und zu genie\u00dfen. Mein Blog besteht jetzt sei September 2013 und beinhaltet eine umfangreiche Sammlung an Rezepten: \u00fcberlieferte Familienrezepte, nachgekochte und meistens abgewandelte Rezepte aus dem Internet, aus Kochb\u00fcchern und -zeitschriften. Einen gro\u00dfen Teil nehmen auch vegetarische und vegane Rezepte ein. [&hellip;]<\/p>\n","protected":false},"author":1,"featured_media":0,"parent":0,"menu_order":0,"comment_status":"closed","ping_status":"closed","template":"","meta":{"sfsi_plus_gutenberg_text_before_share":"","sfsi_plus_gutenberg_show_text_before_share":"","sfsi_plus_gutenberg_icon_type":"","sfsi_plus_gutenberg_icon_alignemt":"","sfsi_plus_gutenburg_max_per_row":"","footnotes":""},"class_list":["post-14153","page","type-page","status-publish","hentry"],"jetpack_sharing_enabled":true,"_links":{"self":[{"href":"https:\/\/brittas-kochbuch.info\/index.php?rest_route=\/wp\/v2\/pages\/14153"}],"collection":[{"href":"https:\/\/brittas-kochbuch.info\/index.php?rest_route=\/wp\/v2\/pages"}],"about":[{"href":"https:\/\/brittas-kochbuch.info\/index.php?rest_route=\/wp\/v2\/types\/page"}],"author":[{"embeddable":true,"href":"https:\/\/brittas-kochbuch.info\/index.php?rest_route=\/wp\/v2\/users\/1"}],"replies":[{"embeddable":true,"href":"https:\/\/brittas-kochbuch.info\/index.php?rest_route=%2Fwp%2Fv2%2Fcomments&post=14153"}],"version-history":[{"count":5,"href":"https:\/\/brittas-kochbuch.info\/index.php?rest_route=\/wp\/v2\/pages\/14153\/revisions"}],"predecessor-version":[{"id":14235,"href":"https:\/\/brittas-kochbuch.info\/index.php?rest_route=\/wp\/v2\/pages\/14153\/revisions\/14235"}],"wp:attachment":[{"href":"https:\/\/brittas-kochbuch.info\/index.php?rest_route=%2Fwp%2Fv2%2Fmedia&parent=14153"}],"curies":[{"name":"wp","href":"https:\/\/api.w.org\/{rel}","templated":true}]}}